{"id":147,"date":"2022-03-12T10:34:46","date_gmt":"2022-03-12T10:34:46","guid":{"rendered":"https:\/\/consultinum.com\/?page_id=147"},"modified":"2024-05-06T11:06:30","modified_gmt":"2024-05-06T11:06:30","slug":"impressum","status":"publish","type":"page","link":"https:\/\/consultinum.com\/en\/impressum\/","title":{"rendered":"Imprint"},"content":{"rendered":"<p>[et_pb_section fb_built=&#8220;1&#8243; _builder_version=&#8220;4.14.8&#8243; _module_preset=&#8220;default&#8220; background_color=&#8220;#FFFFFF&#8220; custom_margin=&#8220;0px||0px||false|false&#8220; custom_padding=&#8220;0px||0px||false|false&#8220; global_module=&#8220;43&#8243; saved_tabs=&#8220;all&#8220; global_colors_info=&#8220;{}&#8220;][et_pb_row _builder_version=&#8220;4.16&#8243; _module_preset=&#8220;default&#8220; background_color=&#8220;#FFFFFF&#8220; global_colors_info=&#8220;{}&#8220;][et_pb_column type=&#8220;4_4&#8243; _builder_version=&#8220;4.16&#8243; _module_preset=&#8220;default&#8220; global_colors_info=&#8220;{}&#8220;][et_pb_image src=&#8220;https:\/\/consultinum.com\/wp-content\/uploads\/2022\/05\/Consultinum-Logo-2022.png&#8220; title_text=&#8220;Consultinum-Logo-2022&#8243; url=&#8220;\/&#8220; align=&#8220;center&#8220; _builder_version=&#8220;4.17.4&#8243; _module_preset=&#8220;default&#8220; max_width=&#8220;350px&#8220; global_colors_info=&#8220;{}&#8220;][\/et_pb_image][\/et_pb_column][\/et_pb_row][et_pb_row _builder_version=&#8220;4.16&#8243; _module_preset=&#8220;default&#8220; width=&#8220;100%&#8220; max_width=&#8220;2560px&#8220; custom_margin=&#8220;0px||||false|false&#8220; custom_padding=&#8220;0px||0px||false|false&#8220; global_colors_info=&#8220;{}&#8220;][et_pb_column type=&#8220;4_4&#8243; _builder_version=&#8220;4.16&#8243; _module_preset=&#8220;default&#8220; global_colors_info=&#8220;{}&#8220;][et_pb_menu menu_style=&#8220;centered&#8220; active_link_color=&#8220;#00377c&#8220; _builder_version=&#8220;4.16&#8243; _module_preset=&#8220;default&#8220; menu_font=&#8220;Marcellus SC|||on|||||&#8220; menu_text_color=&#8220;#999999&#8243; menu_font_size=&#8220;17px&#8220; border_width_top=&#8220;1px&#8220; border_color_top=&#8220;#4F4F4F&#8220; border_width_bottom=&#8220;1px&#8220; border_color_bottom=&#8220;#4F4F4F&#8220; global_colors_info=&#8220;{}&#8220;][\/et_pb_menu][\/et_pb_column][\/et_pb_row][\/et_pb_section][et_pb_section fb_built=&#8220;1&#8243; _builder_version=&#8220;4.16&#8243; custom_margin=&#8220;0px||0px||false|false&#8220; custom_padding=&#8220;0px||0px||false|false&#8220; global_colors_info=&#8220;{}&#8220;][et_pb_row _builder_version=&#8220;4.17.4&#8243; background_size=&#8220;initial&#8220; background_position=&#8220;top_left&#8220; background_repeat=&#8220;repeat&#8220; width=&#8220;60%&#8220; global_colors_info=&#8220;{}&#8220;][et_pb_column type=&#8220;4_4&#8243; _builder_version=&#8220;4.16&#8243; custom_padding=&#8220;|||&#8220; global_colors_info=&#8220;{}&#8220; custom_padding__hover=&#8220;|||&#8220;][et_pb_text _builder_version=&#8220;4.25.0&#8243; _module_preset=&#8220;default&#8220; hover_enabled=&#8220;0&#8243; global_colors_info=&#8220;{}&#8220; sticky_enabled=&#8220;0&#8243;]<\/p>\n<h1>Impressum<\/h1>\n<p>&nbsp;<\/p>\n<h2>Angaben gem\u00e4ss \u00a7 5 TMG<\/h2>\n<p>Consultinum<br \/>c\/o Michael Ebeling<br \/>Wilhelmshofallee 85<br \/>47800 Krefeld<br \/>Deutschland<\/p>\n<p id=\"h3-umsatzsteuer-identifikationsnummergemass-27-a-umsatzsteuergesetz\">USt-ID: DE352561560<\/p>\n<p>Vertreten durch<br \/>Michael Ebeling<\/p>\n<h2>Kontakt<\/h2>\n<p>Telefon: +49 160 3320562<br \/>E-Mail: info@consultinum.com<\/p>\n<h2>EU-Streitschlichtung<\/h2>\n<p>Die Europ\u00e4ische Kommission stellt eine Plattform zur Online-Streitbeilegung (OS)<br \/>bereit: https:\/\/ec.europa.eu\/consumers\/odr\/. Unsere E-Mail-Adresse finden Sie oben\u00a0im Impressum.<\/p>\n<h2>Verbraucherstreitbeilegung\/<br \/>Universalschlichtungsstelle<\/h2>\n<p>Wir sind nicht bereit oder verpflichtet, an Streitbeilegungsverfahren vor einer<br \/>Verbraucherschlichtungsstelle teilzunehmen.<\/p>\n<p>[\/et_pb_text][et_pb_text _builder_version=&#8220;4.21.0&#8243; _module_preset=&#8220;default&#8220; global_colors_info=&#8220;{}&#8220;]<\/p>\n<h2>Bildquellennachweise<\/h2>\n<p>Das Layout der Website, die verwendeten Grafiken sowie die sonstigen Inhalte sind urheberrechtlich gesch\u00fctzt. Eine Vervielf\u00e4ltigung oder Verwendung der Texte und Grafiken in anderen elektronischen oder gedruckten Publikationen ist ohne ausdr\u00fcckliche Zustimmung nicht gestattet.<\/p>\n<p>Nachfolgend eine Auflistung der verwendeten Bilder auf den Seiten von consultinum.com<\/p>\n<p>Startseite Slider:<br \/>Temple ruins, Selinunte\u00a0\u00a9 mRGB, <a href=\"https:\/\/stock.adobe.com\/ie\/images\/temple-ruins-selinunte-sicily-italy\/43459849\">stock.adobe.com<\/a><br \/>Levanzo island in the Mediterranean sea \u00a9 EleSi, <a href=\"https:\/\/stock.adobe.com\/ie\/images\/levanzo-island-in-the-mediterranean-sea-west-of-sicily-italy\/124643613\">stock.adobe.com<\/a><br \/>Lipari island \u00a9 Silvy K., <a href=\"https:\/\/stock.adobe.com\/ie\/images\/lipari-island-italy\/64765360\">stock.adobe.com<\/a><br \/>Wildes Sizilien \u00a9 Jenny Sturm, <a href=\"https:\/\/stock.adobe.com\/ie\/images\/wildes-sizilien\/175448344\">stock.adobe.com<\/a><br \/>Beautiful old harbor with wooden fishing boat in Cefalu \u00a9 Aleksandar Todorovic, <a href=\"https:\/\/stock.adobe.com\/ie\/images\/beautiful-old-harbor-with-wooden-fishing-boat-in-cefalu-sicily\/80014869\">stock.adobe.com<\/a><br \/>Isola Bella, Taormina, Sizilien \u00a9 A. Karnholz, <a href=\"https:\/\/stock.adobe.com\/ie\/images\/isola-bella-taormina-sizilien\/62565181\">stock.adobe.com<\/a><br \/>Cefalu, Sizilien \u00a9 Friedberg, <a href=\"https:\/\/stock.adobe.com\/ie\/images\/italien-sizilien-cefalu\/196994172\">stock.adobe.com<\/a><\/p>\n<p>Content-Seite: Landschaft, Sizilien \u00a9 Alexander Reitter, <a href=\"https:\/\/stock.adobe.com\/ie\/images\/landschaft-in-sizilien\/21737366\">stock.adobe.com<\/a><br \/>Clients-Seite: Blick auf den Tempel von Segesta, Sizilien \u00a9 A. Karnholz, <a href=\"https:\/\/stock.adobe.com\/ie\/images\/blick-auf-den-tempel-von-segesta-sizilien\/52334019\">stock.adobe.com<\/a><br \/>Company-Seite: Griechisch-r\u00f6misches Theater in Taormina mit \u00c4tna im Hintergrund \u00a9 majonit, <a href=\"https:\/\/stock.adobe.com\/ie\/images\/griechisch-romisches-theater-in-taormina-mit-atna-im-hintergrund-sizilien-italien\/233831669\">stock.adobe.com<\/a><\/p>\n<p>&nbsp;<\/p>\n<h2>Web-Design<\/h2>\n<p>Heinz Gr\u00fcn &amp; Roman Neumann &#8211; <a href=\"https:\/\/www.logo-company.de\" target=\"_blank\" rel=\"noopener\">Logo Company<\/a><\/p>\n<p>[\/et_pb_text][\/et_pb_column][\/et_pb_row][et_pb_row _builder_version=&#8220;4.21.0&#8243; _module_preset=&#8220;default&#8220; global_colors_info=&#8220;{}&#8220;][et_pb_column type=&#8220;4_4&#8243; _builder_version=&#8220;4.21.0&#8243; _module_preset=&#8220;default&#8220; global_colors_info=&#8220;{}&#8220;][\/et_pb_column][\/et_pb_row][et_pb_row _builder_version=&#8220;4.16&#8243; _module_preset=&#8220;default&#8220; global_colors_info=&#8220;{}&#8220;][et_pb_column type=&#8220;4_4&#8243; _builder_version=&#8220;4.16&#8243; _module_preset=&#8220;default&#8220; global_colors_info=&#8220;{}&#8220;][et_pb_image src=&#8220;https:\/\/consultinum.com\/wp-content\/uploads\/2022\/02\/cropped-Kompass-Icons_512.png&#8220; title_text=&#8220;cropped-Kompass-Icons_512.png&#8220; _builder_version=&#8220;4.16&#8243; _module_preset=&#8220;default&#8220; max_width=&#8220;27%&#8220; custom_margin=&#8220;-343px|||-340px|false|false&#8220; custom_padding=&#8220;0px||||false|false&#8220; global_colors_info=&#8220;{}&#8220;][\/et_pb_image][\/et_pb_column][\/et_pb_row][\/et_pb_section][et_pb_section fb_built=&#8220;1&#8243; _builder_version=&#8220;4.14.8&#8243; _module_preset=&#8220;default&#8220; custom_margin=&#8220;0px||0px||false|false&#8220; custom_padding=&#8220;0px||0px||false|false&#8220; border_width_top=&#8220;1px&#8220; border_color_top=&#8220;#4F4F4F&#8220; global_module=&#8220;45&#8243; saved_tabs=&#8220;all&#8220; global_colors_info=&#8220;{}&#8220;][et_pb_row _builder_version=&#8220;4.16&#8243; _module_preset=&#8220;default&#8220; custom_margin=&#8220;0px||0px||false|false&#8220; custom_padding=&#8220;0px||0px||false|false&#8220; global_colors_info=&#8220;{}&#8220;][et_pb_column type=&#8220;4_4&#8243; _builder_version=&#8220;4.16&#8243; _module_preset=&#8220;default&#8220; global_colors_info=&#8220;{}&#8220;][et_pb_text _builder_version=&#8220;4.21.0&#8243; _module_preset=&#8220;default&#8220; text_font=&#8220;Marcellus SC||||||||&#8220; header_text_align=&#8220;center&#8220; header_4_font=&#8220;Marcellus SC||||||||&#8220; custom_padding=&#8220;5px||||false|false&#8220; global_colors_info=&#8220;{}&#8220;]<\/p>\n<p style=\"text-align: center;\">\u00a9 2023 Consultinum \ufe31 <a href=\"\/impressum\">Impressum<\/a> \ufe31 <a href=\"\/datenschutz\">Datenschutz<\/a><\/p>\n<p>[\/et_pb_text][\/et_pb_column][\/et_pb_row][\/et_pb_section]<\/p>\n","protected":false},"excerpt":{"rendered":"<p>Impressum &nbsp; Angaben gem\u00e4ss \u00a7 5 TMG Consultinumc\/o Michael EbelingWilhelmshofallee 8547800 KrefeldDeutschland USt-ID: DE352561560 Vertreten durchMichael Ebeling Kontakt Telefon: +49 160 3320562E-Mail: info@consultinum.com EU-Streitschlichtung Die Europ\u00e4ische Kommission stellt eine Plattform zur Online-Streitbeilegung (OS)bereit: https:\/\/ec.europa.eu\/consumers\/odr\/. Unsere E-Mail-Adresse finden Sie oben\u00a0im Impressum. Verbraucherstreitbeilegung\/Universalschlichtungsstelle Wir sind nicht bereit oder verpflichtet, an Streitbeilegungsverfahren vor einerVerbraucherschlichtungsstelle teilzunehmen.Bildquellennachweise Das Layout der [&hellip;]<\/p>\n","protected":false},"author":1,"featured_media":0,"parent":0,"menu_order":0,"comment_status":"closed","ping_status":"closed","template":"page-template-blank.php","meta":{"_et_pb_use_builder":"on","_et_pb_old_content":"","_et_gb_content_width":"","footnotes":""},"class_list":["post-147","page","type-page","status-publish","hentry"],"_links":{"self":[{"href":"https:\/\/consultinum.com\/en\/wp-json\/wp\/v2\/pages\/147","targetHints":{"allow":["GET"]}}],"collection":[{"href":"https:\/\/consultinum.com\/en\/wp-json\/wp\/v2\/pages"}],"about":[{"href":"https:\/\/consultinum.com\/en\/wp-json\/wp\/v2\/types\/page"}],"author":[{"embeddable":true,"href":"https:\/\/consultinum.com\/en\/wp-json\/wp\/v2\/users\/1"}],"replies":[{"embeddable":true,"href":"https:\/\/consultinum.com\/en\/wp-json\/wp\/v2\/comments?post=147"}],"version-history":[{"count":32,"href":"https:\/\/consultinum.com\/en\/wp-json\/wp\/v2\/pages\/147\/revisions"}],"predecessor-version":[{"id":553,"href":"https:\/\/consultinum.com\/en\/wp-json\/wp\/v2\/pages\/147\/revisions\/553"}],"wp:attachment":[{"href":"https:\/\/consultinum.com\/en\/wp-json\/wp\/v2\/media?parent=147"}],"curies":[{"name":"wp","href":"https:\/\/api.w.org\/{rel}","templated":true}]}}